{"id":4187,"date":"2020-10-21T17:28:21","date_gmt":"2020-10-21T15:28:21","guid":{"rendered":"https:\/\/kishakatolikeshkoder.com\/motrat-klarise\/"},"modified":"2020-11-10T10:49:26","modified_gmt":"2020-11-10T08:49:26","slug":"motrat-klarise","status":"publish","type":"page","link":"https:\/\/kishakatolikeshkoder.com\/it\/motrat-klarise\/","title":{"rendered":"Le monache clarisse"},"content":{"rendered":"<div class=\"wpb-content-wrapper\"><p>[vc_row][vc_column][vc_column_text css_animation=&#8221;none&#8221;]<\/p>\n<div class=\"title-h1\" style=\"text-transform: none;\">Le monache clarisse<\/div>\n<p>[\/vc_column_text][vc_column_text]<\/p>\n<div class=\"row clearfix\">\n<div class=\"col-md-12 column\">\n<div>\n<div class=\"row clearfix\">\n<div class=\"col-md-12 column\">\n<div>\n<p><img class=\"size-medium wp-image-3216 alignleft\" src=\"https:\/\/kishakatolikeshkoder.com\/wp-content\/uploads\/2020\/10\/santa-chiara-225x300.jpg\" alt=\"\" width=\"225\" height=\"300\" srcset=\"https:\/\/kishakatolikeshkoder.com\/wp-content\/uploads\/2020\/10\/santa-chiara-225x300.jpg 225w, https:\/\/kishakatolikeshkoder.com\/wp-content\/uploads\/2020\/10\/santa-chiara.jpg 313w\" sizes=\"(max-width: 225px) 100vw, 225px\" \/>Nel 1209 Francesco di Assisi and\u00f2 a Roma per chiedere a papa Innocenzo III l\u2019approvazione del suo modo di vivere evangelico, e realizzare, insieme ai suoi primi compagni, una vita basata sulla sequela proposta da Ges\u00f9 ai suoi discepoli. Questo stile di vita si fondava essenzialmente sulla sequela del Signore nella povert\u00e0 e in fraternit\u00e0, per annunciare cos\u00ec il Regno di Dio. Il papa Innocenzo III approv\u00f2 a voce questa richiesta (Cf. Regola di Francesco del 1221, Prologo 2-3). Poco dopo questo avvenimento si present\u00f2 a Francesco la prima giovane vocazione femminile: fu la concittadina Chiara degli Offreducci, figlia di una nobile e ricca famiglia di Assisi. Questa giovane chiese di seguire la stessa vita di povert\u00e0 di Francesco, secondo la perfezione del Vangelo ed egli l\u2019accolse ben volentieri. Era la notte seguente la domenica delle Palme, tra il 27e il 28 marzo 1211, nella chiesetta della Porziuncola nella piana di Assisi (secondo altri era il 18\/19 marzo 1212), quando Francesco in presenza dei suoi frati tagli\u00f2 i capelli a Chiara, segno dell\u2019inizio della vita di penitenza e della consacrazione. Francesco diede alla giovane un programma di vita (forma vitae) basato su questo principio: la sequela del Signore Ges\u00f9 secondo la perfezione del Vangelo e secondo la condizione della donna, il cui modello \u00e8 la Vergine Maria. Ci\u00f2 significa vivere e realizzare la vita evangelica, come figlia ed ancella dell\u2019altissimo Padre, Signore del cielo e della terra, come madre del Signore Ges\u00f9, e come sposa nello Spirito Santo (cfr. Regola di Chiara 6,3), nel silenzio della vita consacrata a Dio nel corpo e nello spirito (1Cor 7,34). Chiara prese con entusiasmo e decisione questa forma vitae, di stile nuovo nel panorama della Chiesa.<\/p>\n<\/div>\n<\/div>\n<\/div>\n<\/div>\n<div>\n<div class=\"row clearfix\">\n<div class=\"col-md-12 column\">\n<div>\n<div class=\"row clearfix\">\n<div class=\"col-md-12 column\">\n<div>\n<p>L\u2019esempio di Chiara fu immediatamente seguito da altre giovani: dalla sorella minore Agnese, da altre concittadine, dalla prima proveniente da Perugia, che fu chiamata sr. Benvenuta, e da molte altre. Nell\u2019estate del 1212 sono gi\u00e0 nominate cinque consorelle ed altre rimaste ignote (cfr. Processo di canonizzazione di Chiara 1,43-57). L\u2019esempio della vita condotta nel monastero di Chiara \u2013 San Damiano presso Assisi \u2013 fu come un faro luminoso, che d\u00e0 il via al movimento, che noi chiamiamo Clariano o Secondo Ordine Francescano, con successive fondazioni di altri monasteri. Tra il 1217 e il 1219 ne sono numerati gi\u00e0 nove: Assisi, Spello, Foligno nella Valle di Spoleto; Perugia, Arezzo, Siena, Firenze, Lucca, Tortona, (ed altri non nominati). Alla morte di Chiara (11 agosto 1253) vi sono in Italia gi\u00e0 115 monasteri e fuori d\u2019Italia altri 50. All\u2019inizio del XIV secolo sono 413. Entravano in questi monasteri sia umili giovani, sia le figlie di nobili, duchi, principi e re (di Francia, di Boemia).<\/p>\n<p>Il peso di questo movimento fu nella Chiesa ben rilevante. Il Concilio Lateranense IV si interess\u00f2 anche di questo (Novembre 1215, Const. XIII). Subito dopo se ne preoccup\u00f2 papa Onorio III (1216-1227). Successivamente papa Gregorio IX (prima da cardinale e poi da papa) and\u00f2 pi\u00f9 volte a San Damiano da Chiara e le Sorelle e rilasci\u00f2 loro documenti scritti. Cos\u00ec pure papa Innocenzo IV si rec\u00f2 due volte a San Damiano per far visita a Chiara (nei primi di maggio e nella prima settimana di agosto 1253). Inoltre, ne volle presiedere il rito funebre (12 agosto 1253) e ordin\u00f2 di trasferirne la salma da San Damiano in citt\u00e0, dove poi fu costruita per volont\u00e0 di Alessandro IV la monumentale chiesa (1257-1260) dedicata alla santa, rapidamente canonizzata.<\/p>\n<\/div>\n<\/div>\n<\/div>\n<\/div>\n<p><img class=\"size-medium wp-image-3217 alignleft\" src=\"https:\/\/kishakatolikeshkoder.com\/wp-content\/uploads\/2020\/10\/santa-chiara-1-188x300.png\" alt=\"\" width=\"188\" height=\"300\" srcset=\"https:\/\/kishakatolikeshkoder.com\/wp-content\/uploads\/2020\/10\/santa-chiara-1-188x300.png 188w, https:\/\/kishakatolikeshkoder.com\/wp-content\/uploads\/2020\/10\/santa-chiara-1.png 265w\" sizes=\"(max-width: 188px) 100vw, 188px\" \/><\/p>\n<p>Chiara fu la prima donna che scrisse una regola di vita per le donne e ne chiese l\u2019approvazione scritta a papa Innocenzo IV, che gliela concesse rapidamente con la lettera bollata\u00a0<em>Solet annuere<\/em>. La richiesta fu nella prima settimana di agosto del 1253 (forse l\u20198); il papa la firm\u00f2 il 9 agosto, il 10 fu inviata a Chiara a San Damiano, che la ricevette e la baci\u00f2 con devozione il giorno prima di morire, pacificata per aver trovato un posto specifico nella Chiesa. La canonizzazione di Chiara avvenne nella nuova cattedrale di Anagni il 15 agosto 1255, da parte di papa Alessandro IV. \u00c8 stata proclamata Patrona della Televisione da Papa Pio XII il 14 febbraio 1958, per la visione portentosa che ebbe da ammalata nel suo monastero di San Damiano che le permise di seguire la celebrazione eucaristica che si stava svolgendo nella notte di Natale 1252 presso la Basilica di S. Francesco in Assisi.<\/p>\n<p>Le figure di Clarisse preminenti nel secolo XIII oltre a Chiara (+ 1253) sono: Agnese sua sorella (+ 1253), Filippa Mareri (+ 1236), Margherita Colonna (+ 1280), Agnese da Praga (+ 1281\/2). L\u2019ultima canonizzazione di una Clarissa \u00e8 stata nell\u2019ottobre scorso 2010: sr. Camilla Battista da Varano del monastero di Camerino.<\/p>\n<p>Attualmente i monasteri delle Clarisse nel mondo sono oltre un migliaio, con circa 12.000 religiose, tutti nati dalla planctula beati Francisci, compreso il Protomonastero di s. Chiara in Assisi, comunit\u00e0 erede di quella di s. Damiano fondata dall\u2019assisiate.<\/p>\n<\/div>\n<\/div>\n<\/div>\n<\/div>\n<\/div>\n<p>[\/vc_column_text][\/vc_column][\/vc_row][vc_row][vc_column][vc_separator][\/vc_column][\/vc_row][vc_row css=&#8221;.vc_custom_1582541357121{margin-top: 0px !important;margin-bottom: 0px !important;padding-top: 0px !important;padding-bottom: 0px !important;}&#8221; custom_css_code=&#8221;LmJsb2ctc3R5bGUtY29tcGFjdCUyMGFydGljbGUlMjAucG9zdC10aXRsZSUyMGg1JTIwc3BhbiUyQyUyMC5nZW0tYmxvZy1zbGlkZXIlMjAucG9zdC10aXRsZSUyMGg1JTIwc3BhbiUyQyUyMGJvZHkuc2VhcmNoJTIwLnBhZ2UtdGl0bGUtYmxvY2slMjAubGlnaHQlMjAlN0IlMEElMjAlMjAlMjAlMjBmb250LWZhbWlseSUzQSUyMCUyN01vbnRzZXJyYXQlMjclMjAlMjFpbXBvcnRhbnQlM0IlMEElMjAlMjAlMjAlMjBmb250LXdlaWdodCUzQSUyMDgwMCUyMCUyMWltcG9ydGFudCUzQiUwQSUyMCUyMCUyMCUyMHRleHQtdHJhbnNmb3JtJTNBJTIwbm9uZSUzQiUwQSU3RA==&#8221;][vc_column]<style>.portfolio.news-grid#style-245ddc0 .portfolio-item:not(.size-item), .preloader#style-preloader-245ddc0 .portfolio-item { padding: calc(26px\/2) !important; }.portfolio.news-grid#style-245ddc0 .portfolio-item.size-item { padding: 0 calc(26px\/2) !important; }.portfolio.news-grid#style-245ddc0 .portfolio-row, .preloader#style-preloader-245ddc0 .skeleton-posts.portfolio-row { margin: calc(-26px\/2); }.portfolio.news-grid#style-245ddc0.fullwidth-columns .portfolio-row { margin: calc(-26px\/2) 0; }.portfolio.news-grid#style-245ddc0 .fullwidth-block:not(.no-paddings) { padding-left: 26px; padding-right: 26px; }.portfolio.news-grid#style-245ddc0 .fullwidth-block .portfolio-row { padding-left: calc(26px\/2); padding-right: calc(26px\/2); }.portfolio.news-grid#style-245ddc0 .fullwidth-block .portfolio-top-panel { padding-left: 26px; padding-right: 26px; }.portfolio.news-grid#style-245ddc0.fullwidth-columns .with-filter-sidebar .filter-sidebar { padding-left: 26px; }.portfolio.news-grid#style-245ddc0.list-style.with-divider .portfolio-item .wrap:before { top: calc(-26px\/2); }.portfolio.news-grid#style-245ddc0 .portfolio-item .caption .title span { letter-spacing: px !important; }.portfolio.news-grid#style-245ddc0 .portfolio-item .image .overlay .caption .info { background-color: #fff000 !important; }<\/style><style>.portfolio.news-grid#style-245ddc0 .portfolio-filters { text-align: center; }<\/style><div id=\"style-preloader-245ddc0\" class=\"preloader save-space\"><div class=\"preloader-spin\"><\/div><\/div> <div class=\"portfolio-preloader-wrapper panel-sidebar-position-left\"> <div class=\"portfolio portfolio-grid extended-portfolio-grid news-grid no-padding portfolio-pagination-disable portfolio-style-masonry background-style-transparent title-style-light hover-new-horizontal-sliding title-on-page caption-position-page version-new loading-animation item-animation-move-up portfolio-items-masonry columns-2 columns-tablet-2 columns-mobile-1 \" id=\"style-245ddc0\" data-style-uid=\"245ddc0\" data-portfolio-uid=\"grid_8ef0c25\" data-current-page=\"1\" data-per-page=\"2\" data-next-page=\"2\" data-pages-count=\"6\" data-hover=\"horizontal-sliding\" data-portfolio-filter=\"[]\" data-portfolio-filter-attributes=\"null\" data-portfolio-filter-status=\"null\" data-portfolio-filter-price=\"null\" data-portfolio-filter-search=\"\"> <div class=\"portfolio-row-outer \"> <div class=\"portfolio-top-panel filter-type-default selected-only\"> <div class=\"portfolio-top-panel-row filter-style-buttons\"> <div class=\"portfolio-top-panel-left\"><div class=\"portfolio-filter-item portfolio-selected-filters left\"> <div class=\"portfolio-selected-filter-item clear-filters\"> Clear Filters\t<\/div> <\/div> <\/div> <div class=\"portfolio-top-panel-right\"> <\/div> <\/div> <\/div> <div class=\"row portfolio-row\"> <div class=\"portfolio-set clearfix\" data-max-row-height=\"380\"> <div class=\"portfolio-item le-monache-clarisse lutje col-xs-12 col-sm-6 col-md-6 item-animations-not-inited post-hide-date show-caption-border appearance-type- post-4269 post type-post status-publish format-standard has-post-thumbnail category-le-monache-clarisse\" data-default-sort=\"0\" data-sort-date=\"1540155752\"> <div class=\"wrap clearfix\"> <div class=\"image post-4269 post type-post status-publish format-standard has-post-thumbnail category-le-monache-clarisse\"> <div class=\"image-inner \"> <div class=\"post-featured-content\"><a href=\"https:\/\/kishakatolikeshkoder.com\/it\/perfundimi\/\"> <picture> <img src=\"https:\/\/kishakatolikeshkoder.com\/wp-content\/uploads\/2020\/10\/saintclare-thegem-portfolio-masonry.jpg\" width=\"754\" height=\"424\" class=\"img-responsive\" alt=\"saintclare\" \/> <\/picture> <\/a><\/div> <\/div> <div class=\"overlay\"> <div class=\"overlay-circle\"><\/div> <div class=\"links-wrapper\"> <div class=\"links\"> <div class=\"caption\"> <a href=\"https:\/\/kishakatolikeshkoder.com\/it\/perfundimi\/\" class=\"portfolio-item-link\"> <span class=\"screen-reader-text\">Conclusione<\/span> <\/a> <div class=\"portfolio-icons\"> <a href=\"javascript: void(0);\" class=\"icon self-link\" aria-label=\"Conclusione\"><i class=\"default\"><\/i><\/a> <\/div> <div class=\"info\"> <a class=\"additional-meta\" data-filter-type=\"taxonomies\" data-attr=\"category\" data-filter=\"le-monache-clarisse\">Le monache clarisse<\/a><span class=\"sep\"><\/span> <a class=\"additional-meta\" data-filter-type=\"taxonomies\" data-attr=\"category\" data-filter=\"lutje\">Lutje<\/a> <\/div> <\/div> <\/div> <\/div> <\/div> <\/div> <div class=\"caption post-4269 post type-post status-publish format-standard has-post-thumbnail category-le-monache-clarisse\"> <div class=\"title\"> <span class=\"title-h4 \"><a href=\"https:\/\/kishakatolikeshkoder.com\/it\/perfundimi\/\" rel=\"bookmark\">Conclusione<\/a><\/span> <\/div> <div class=\"description \"> <p>Il sangue dei tuoi martiri, Signore, \u00e8 divenuto il seme della Chiesa. Rendici degni di&#8230;<\/p> <\/div> <div class=\"grid-post-meta clearfix without-likes\"> <div class=\"grid-post-meta-inner\"> <div class=\"grid-post-share\"> <a href=\"javascript: void(0);\" class=\"icon share\" role=\"button\" aria-label=\"Share\"><i class=\"default\"><\/i><\/a> <\/div> <div class=\"portfolio-sharing-pane\"> <div class=\"socials-sharing socials socials-colored-hover\"> <a class=\"socials-item\" target=\"_blank\" href=\"https:\/\/www.facebook.com\/sharer\/sharer.php?u=https%3A%2F%2Fkishakatolikeshkoder.com%2Fit%2Fperfundimi%2F\" title=\"Facebook\"><i class=\"socials-item-icon facebook\"><\/i><\/a> <a class=\"socials-item\" target=\"_blank\" href=\"https:\/\/twitter.com\/intent\/tweet?text=Conclusione&#038;url=https%3A%2F%2Fkishakatolikeshkoder.com%2Fit%2Fperfundimi%2F\" title=\"Twitter\"><i class=\"socials-item-icon twitter\"><\/i><\/a> <a class=\"socials-item\" target=\"_blank\" href=\"https:\/\/pinterest.com\/pin\/create\/button\/?url=https%3A%2F%2Fkishakatolikeshkoder.com%2Fit%2Fperfundimi%2F&#038;description=Conclusione&#038;media=https%3A%2F%2Fkishakatolikeshkoder.com%2Fwp-content%2Fuploads%2F2020%2F10%2Fsaintclare-thegem-blog-timeline-large.jpg\" title=\"Pinterest\"><i class=\"socials-item-icon pinterest\"><\/i><\/a> <a class=\"socials-item\" target=\"_blank\" href=\"https:\/\/www.tumblr.com\/widgets\/share\/tool?canonicalUrl=https%3A%2F%2Fkishakatolikeshkoder.com%2Fit%2Fperfundimi%2F\" title=\"Tumblr\"><i class=\"socials-item-icon tumblr\"><\/i><\/a> <a class=\"socials-item\" target=\"_blank\" href=\"https:\/\/www.linkedin.com\/shareArticle?mini=true&#038;url=https%3A%2F%2Fkishakatolikeshkoder.com%2Fit%2Fperfundimi%2F&#038;title=Conclusione&amp;summary=Il+sangue+dei+tuoi+martiri%2C+Signore%2C+%C3%A8+divenuto+il+seme+della+Chiesa.+Rendici+degni+di...\" title=\"LinkedIn\"><i class=\"socials-item-icon linkedin\"><\/i><\/a> <a class=\"socials-item\" target=\"_blank\" href=\"https:\/\/www.reddit.com\/submit?url=https%3A%2F%2Fkishakatolikeshkoder.com%2Fit%2Fperfundimi%2F&#038;title=Conclusione\" title=\"Reddit\"><i class=\"socials-item-icon reddit\"><\/i><\/a> <\/div> <\/div> <div class=\"grid-post-meta-comments-likes\"> <\/div> <\/div> <\/div> <\/div> <\/div> <\/div> <div class=\"portfolio-item le-monache-clarisse lutje col-xs-12 col-sm-6 col-md-6 item-animations-not-inited post-hide-date show-caption-border appearance-type- post-4257 post type-post status-publish format-standard has-post-thumbnail category-lutje\" data-default-sort=\"0\" data-sort-date=\"1540144851\"> <div class=\"wrap clearfix\"> <div class=\"image post-4257 post type-post status-publish format-standard has-post-thumbnail category-lutje\"> <div class=\"image-inner \"> <div class=\"post-featured-content\"><a href=\"https:\/\/kishakatolikeshkoder.com\/it\/udha-e-kryqit\/\"> <picture> <img src=\"https:\/\/kishakatolikeshkoder.com\/wp-content\/uploads\/2019\/08\/dita_e_martireve-thegem-portfolio-masonry.jpg\" width=\"754\" height=\"503\" class=\"img-responsive\" alt=\"dita_e_martireve\" \/> <\/picture> <\/a><\/div> <\/div> <div class=\"overlay\"> <div class=\"overlay-circle\"><\/div> <div class=\"links-wrapper\"> <div class=\"links\"> <div class=\"caption\"> <a href=\"https:\/\/kishakatolikeshkoder.com\/it\/udha-e-kryqit\/\" class=\"portfolio-item-link\"> <span class=\"screen-reader-text\">Via Crucis<\/span> <\/a> <div class=\"portfolio-icons\"> <a href=\"javascript: void(0);\" class=\"icon self-link\" aria-label=\"Via Crucis\"><i class=\"default\"><\/i><\/a> <\/div> <div class=\"info\"> <a class=\"additional-meta\" data-filter-type=\"taxonomies\" data-attr=\"category\" data-filter=\"le-monache-clarisse\">Le monache clarisse<\/a><span class=\"sep\"><\/span> <a class=\"additional-meta\" data-filter-type=\"taxonomies\" data-attr=\"category\" data-filter=\"lutje\">Lutje<\/a> <\/div> <\/div> <\/div> <\/div> <\/div> <\/div> <div class=\"caption post-4257 post type-post status-publish format-standard has-post-thumbnail category-lutje\"> <div class=\"title\"> <span class=\"title-h4 \"><a href=\"https:\/\/kishakatolikeshkoder.com\/it\/udha-e-kryqit\/\" rel=\"bookmark\">Via Crucis<\/a><\/span> <\/div> <div class=\"description \"> <p>I. 2. 3.<\/p> <\/div> <div class=\"grid-post-meta clearfix without-likes\"> <div class=\"grid-post-meta-inner\"> <div class=\"grid-post-share\"> <a href=\"javascript: void(0);\" class=\"icon share\" role=\"button\" aria-label=\"Share\"><i class=\"default\"><\/i><\/a> <\/div> <div class=\"portfolio-sharing-pane\"> <div class=\"socials-sharing socials socials-colored-hover\"> <a class=\"socials-item\" target=\"_blank\" href=\"https:\/\/www.facebook.com\/sharer\/sharer.php?u=https%3A%2F%2Fkishakatolikeshkoder.com%2Fit%2Fudha-e-kryqit%2F\" title=\"Facebook\"><i class=\"socials-item-icon facebook\"><\/i><\/a> <a class=\"socials-item\" target=\"_blank\" href=\"https:\/\/twitter.com\/intent\/tweet?text=Via+Crucis&#038;url=https%3A%2F%2Fkishakatolikeshkoder.com%2Fit%2Fudha-e-kryqit%2F\" title=\"Twitter\"><i class=\"socials-item-icon twitter\"><\/i><\/a> <a class=\"socials-item\" target=\"_blank\" href=\"https:\/\/pinterest.com\/pin\/create\/button\/?url=https%3A%2F%2Fkishakatolikeshkoder.com%2Fit%2Fudha-e-kryqit%2F&#038;description=Via+Crucis&#038;media=https%3A%2F%2Fkishakatolikeshkoder.com%2Fwp-content%2Fuploads%2F2019%2F08%2Fdita_e_martireve-thegem-blog-timeline-large.jpg\" title=\"Pinterest\"><i class=\"socials-item-icon pinterest\"><\/i><\/a> <a class=\"socials-item\" target=\"_blank\" href=\"https:\/\/www.tumblr.com\/widgets\/share\/tool?canonicalUrl=https%3A%2F%2Fkishakatolikeshkoder.com%2Fit%2Fudha-e-kryqit%2F\" title=\"Tumblr\"><i class=\"socials-item-icon tumblr\"><\/i><\/a> <a class=\"socials-item\" target=\"_blank\" href=\"https:\/\/www.linkedin.com\/shareArticle?mini=true&#038;url=https%3A%2F%2Fkishakatolikeshkoder.com%2Fit%2Fudha-e-kryqit%2F&#038;title=Via+Crucis&amp;summary=I.+2.+3.\" title=\"LinkedIn\"><i class=\"socials-item-icon linkedin\"><\/i><\/a> <a class=\"socials-item\" target=\"_blank\" href=\"https:\/\/www.reddit.com\/submit?url=https%3A%2F%2Fkishakatolikeshkoder.com%2Fit%2Fudha-e-kryqit%2F&#038;title=Via+Crucis\" title=\"Reddit\"><i class=\"socials-item-icon reddit\"><\/i><\/a> <\/div> <\/div> <div class=\"grid-post-meta-comments-likes\"> <\/div> <\/div> <\/div> <\/div> <\/div> <\/div> <\/div><!-- .portflio-set --> <div class=\"portfolio-item-size-container\"> <div class=\"portfolio-item col-xs-12 col-sm-6 col-md-6 item-animations-not-inited post-hide-date show-caption-border post-4257 post type-post status-publish format-standard has-post-thumbnail category-lutje\"> <\/div> <\/div> <\/div><!-- .row--> <\/div><!-- .full-width --> <\/div><!-- .portfolio--> <\/div><!-- .portfolio-preloader-wrapper--><div class=\"clearboth\"><\/div><style>#thegem-divider-69e170c14dcdc {margin-top: 48px !important;}<\/style><div id=\"thegem-divider-69e170c14dcdc\" class=\"gem-divider  \" style=\"\" ><\/div>[\/vc_column][\/vc_row][vc_row css=&#8221;.vc_custom_1603361832432{margin-bottom: 0px !important;padding-top: 30px !important;padding-right: 50px !important;padding-bottom: 30px !important;padding-left: 50px !important;background-color: #f7f7f7 !important;}&#8221;][vc_column][vc_column_text]<\/p>\n<h4>Contatti<\/h4>\n<div class=\"panel-heading\">\n<div class=\"panel-heading\"><span class=\"text-uppercase text-left\">CLARISE, SHKOD\u00cbR-ALBANIA<\/span><\/div>\n<ul>\n<li><span id=\"result_box\" class=\"short_text\"><span class=\"\">Indirizzo<\/span><\/span>:<em>\u00a0Manastiri \u201cSh. Kjara\u201d, Bulevard Skanderbeu, 25, Rruga M. Barleti<\/em><\/li>\n<li>N<span id=\"result_box\" class=\"short_text\"><span class=\"\">umero di telefono<\/span><\/span>:\u00a0<em>(+355) (0)222.48308\/(+355) (0)69.2537970<\/em><\/li>\n<li>Email:\u00a0<em><a href=\"mailto:klaralbania@hotmail.com\">klaralbania@hotmail.com<\/a><\/em><\/li>\n<\/ul>\n<\/div>\n<p>[\/vc_column_text][vc_separator][vc_raw_html]JTNDaWZyYW1lJTIwc3JjJTNEJTIyaHR0cHMlM0ElMkYlMkZ3d3cuZ29vZ2xlLmNvbSUyRm1hcHMlMkZlbWJlZCUzRnBiJTNEJTIxMW0xOCUyMTFtMTIlMjExbTMlMjExZDE0ODAuOTg3NzQzNjM2MzQlMjEyZDE5LjUxNTg2Nzg3MjA0NzQ4NyUyMTNkNDIuMDY1MTQ0Nzk2MzI0NDclMjEybTMlMjExZjAlMjEyZjAlMjEzZjAlMjEzbTIlMjExaTEwMjQlMjEyaTc2OCUyMTRmMTMuMSUyMTNtMyUyMTFtMiUyMTFzMHgxMzRlMDBmZWVkN2NhMDg1JTI1M0EweDk2N2RhYzE4YjkwNDA4M2UlMjEyelRXOTBjbUYwSUV0c1lYSnBjMlVnVFdGdVlYTjBhWEpwSU9LQW5GTm93NnR1SUV0c1lYSmg0b0NkJTIxNWUwJTIxM20yJTIxMXNlbiUyMTJzJTIxNHYxNjA0OTk3NjkxOTM4JTIxNW0yJTIxMXNlbiUyMTJzJTIyJTIwd2lkdGglM0QlMjIxMDAlMjUlMjIlMjBoZWlnaHQlM0QlMjI0NTAlMjIlMjBmcmFtZWJvcmRlciUzRCUyMjAlMjIlMjBzdHlsZSUzRCUyMmJvcmRlciUzQTAlM0IlMjIlMjBhbGxvd2Z1bGxzY3JlZW4lM0QlMjIlMjIlMjBhcmlhLWhpZGRlbiUzRCUyMmZhbHNlJTIyJTIwdGFiaW5kZXglM0QlMjIwJTIyJTNFJTNDJTJGaWZyYW1lJTNF[\/vc_raw_html][\/vc_column][\/vc_row]<\/p>\n<\/div>","protected":false},"excerpt":{"rendered":"<p>[vc_row][vc_column][vc_column_text css_animation=&#8221;none&#8221;] Le monache clarisse [\/vc_column_text][vc_column_text] Nel 1209 Francesco di Assisi and\u00f2 a Roma per&#8230;<\/p>\n","protected":false},"author":2,"featured_media":4189,"parent":0,"menu_order":0,"comment_status":"closed","ping_status":"closed","template":"","meta":{"_monsterinsights_skip_tracking":false,"_monsterinsights_sitenote_active":false,"_monsterinsights_sitenote_note":"","_monsterinsights_sitenote_category":0,"_uf_show_specific_survey":0,"_uf_disable_surveys":false,"footnotes":""},"class_list":["post-4187","page","type-page","status-publish","has-post-thumbnail"],"aioseo_notices":[],"amp_enabled":true,"_links":{"self":[{"href":"https:\/\/kishakatolikeshkoder.com\/it\/wp-json\/wp\/v2\/pages\/4187","targetHints":{"allow":["GET"]}}],"collection":[{"href":"https:\/\/kishakatolikeshkoder.com\/it\/wp-json\/wp\/v2\/pages"}],"about":[{"href":"https:\/\/kishakatolikeshkoder.com\/it\/wp-json\/wp\/v2\/types\/page"}],"author":[{"embeddable":true,"href":"https:\/\/kishakatolikeshkoder.com\/it\/wp-json\/wp\/v2\/users\/2"}],"replies":[{"embeddable":true,"href":"https:\/\/kishakatolikeshkoder.com\/it\/wp-json\/wp\/v2\/comments?post=4187"}],"version-history":[{"count":7,"href":"https:\/\/kishakatolikeshkoder.com\/it\/wp-json\/wp\/v2\/pages\/4187\/revisions"}],"predecessor-version":[{"id":4272,"href":"https:\/\/kishakatolikeshkoder.com\/it\/wp-json\/wp\/v2\/pages\/4187\/revisions\/4272"}],"wp:featuredmedia":[{"embeddable":true,"href":"https:\/\/kishakatolikeshkoder.com\/it\/wp-json\/wp\/v2\/media\/4189"}],"wp:attachment":[{"href":"https:\/\/kishakatolikeshkoder.com\/it\/wp-json\/wp\/v2\/media?parent=4187"}],"curies":[{"name":"wp","href":"https:\/\/api.w.org\/{rel}","templated":true}]}}